{"id":441,"date":"2021-03-29T21:02:41","date_gmt":"2021-03-29T18:02:41","guid":{"rendered":"http:\/\/markone.fi\/mesmerize\/"},"modified":"2023-03-15T14:08:45","modified_gmt":"2023-03-15T12:08:45","slug":"mesmerize","status":"publish","type":"page","link":"https:\/\/markone.fi\/sv\/","title":{"rendered":"Front Page"},"content":{"rendered":"<div id=\"about-2\" class=\"about-4 content-section content-section-spacing\" style=\"background-color: #ffffff;\" data-label=\"About\" data-id=\"about--2\" data-export-id=\"about-4\" data-category=\"about\">\n<div class=\"gridContainer\">\n<div class=\"row middle-sm text-center\">\n<div class=\"col-sm-5 space-bottom-xs content-left-sm\" data-type=\"column\">\n<h1 class=\"\"><span style=\"font-family: Playfair Display,sans-serif; font-weight: bold; font-style: italic;\">Service och reparation<\/span><\/h1>\n<p class=\"\">MarKone Oy finns i Veteli, Mellersta \u00d6sterbotten, vi utf\u00f6r fuktskadereparationer och krockskadereparationer av husbilar och vagnar. Vi utf\u00f6r vindrutsbyten av person-, paket och lastbilar.<\/p>\n<p>Traktor och arbetsmaskinservice, besiktingsremonter, svetsning, samt olika former av gr\u00e4vmaskinsarbeten. Med minigr\u00e4vmaskin b\u00e5de inom och utomhus.<\/p>\n<\/div>\n<div class=\"col-sm-7 flexbox center-xs middle-xs image-group-2-img\"><img class=\"img-1 shadow-large\" title=\"trukki_markone_oy\" src=\"http:\/\/markone.fi\/wp-content\/uploads\/2015\/12\/trukki_markone_oy.png\" alt=\"\" data-size=\"250x200\" \/> <img class=\"img-2 shadow-large\" title=\"kaivinkone3_markone_oy.JPG\" src=\"http:\/\/markone.fi\/wp-content\/uploads\/2015\/12\/kaivinkone3_markone_oy.JPG.jpg\" alt=\"\" data-size=\"220x170\" \/><\/div>\n<\/div>\n<\/div>\n<\/div>\n<div id=\"content-1\" class=\"content-3 content-section content-section-spacing\" style=\"background-color: #f5fafd; background-image: none;\" data-label=\"Content\" data-id=\"content--1\" data-export-id=\"content-3\" data-category=\"content\">\n<div>\n<div class=\"row middle-xs\">\n<div class=\"col-sm-7 full-col-left-padding full-col-right-padding\">\n<div class=\"row\">\n<div class=\"space-bottom-small content-title-col\" data-type=\"column\">\n<h1 class=\"\"><span style=\"font-family: Playfair Display,sans-serif; font-weight: bold; font-style: italic;\"> Service<\/span><\/h1>\n<p><img class=\"\" src=\"http:\/\/markone.fi\/wp-content\/uploads\/2021\/04\/finnish.png\" width=\"50\" \/>\u00a0 \u00a0<img class=\"\" src=\"http:\/\/markone.fi\/wp-content\/uploads\/2021\/04\/sweden.png\" width=\"50\" \/>\u00a0 \u00a0<img class=\"\" src=\"http:\/\/markone.fi\/wp-content\/uploads\/2021\/04\/uk-flag-2.png\" width=\"50\" \/><\/p>\n<h3 class=\"\">NYTT: Vi konverterar din bensinbil till biogas\/naturgasdrift\/etanoldrift! - Vi utf\u00f6r ocks\u00e5 riktning av bilf\u00e4lgar samt Tig svetsning<\/h3>\n<\/div>\n<\/div>\n<div class=\"row spaced-cols start-sm content-left-sm\" data-type=\"row\">\n<div class=\"col-xs-8 col-md-6\" data-type=\"column\">\n<ul class=\"\">\n<li>Besiktingsreparataioner<\/li>\n<li>Bilservice<\/li>\n<li>Autojen hinaukset ym. kuljetukset\u00a0 kuormaautolla ja traktorilla<\/li>\n<li>Avant service<\/li>\n<li>Betongpikning<\/li>\n<li>Svetsning<\/li>\n<li>Gr\u00e4vmaskin och minigr\u00e4vmaskinsarbete<\/li>\n<li>Krockskadereparationer<\/li>\n<li>Fuktskadereparationer<\/li>\n<li>Sn\u00f6plogning<\/li>\n<\/ul>\n<\/div>\n<div class=\"col-xs-8 col-md-6\" data-type=\"column\">\n<ul class=\"\">\n<li>Rostkydd av husbilar<\/li>\n<li>Minilastararbeten<\/li>\n<li>D\u00e4ckbyten<\/li>\n<li>Riktning av f\u00e4lgar\/TIG-svetsning<\/li>\n<li>Grundningsarbete av markskurvar, skruvplintar<\/li>\n<li>Plexglasf\u00f6rs\u00e4ljning<\/li>\n<li>Pyrkij\u00e4 ja Rally elfordons m\u00e4rkesservice<\/li>\n<li>Vindrutsbyten<\/li>\n<li>Vindrutsreparationer<\/li>\n<li>Ty\u00f6koneiden ja autojen\u00a0lasienvaihdot<\/li>\n<li>Bytesflaktransporter<\/li>\n<li>Woikoski gasf\u00f6rs\u00e4ljning<\/li>\n<\/ul>\n<\/div>\n<h4><a class=\"\" href=\"https:\/\/eflexfuel.com\/fi\/installation-shops\" target=\"_blank\" rel=\"noopener\">Vi g\u00f6r etanolkonvertering f\u00f6r bensinbilar<\/a><\/h4>\n<\/div>\n<\/div>\n<div class=\"col-sm-5 bg-image shadow-large-black revert-classes-holder\" style=\"background-image: url('http:\/\/markone.fi\/wp-content\/uploads\/2021\/03\/IMG_20210309_151319-scaled.jpg');\" data-bg=\"image\">\u00a0<\/div>\n<\/div>\n<\/div>\n<\/div>\n<div id=\"clients-1\" class=\"clients-4 content-section content-section-spacing-small\" style=\"background-color: #f5fafd;\" data-label=\"Clients\" data-id=\"clients--1\" data-export-id=\"clients-4\" data-category=\"clients\">\n<div class=\"gridContainer\">\n<div class=\"row\">\n<div class=\"section-title-col\" data-type=\"column\">\u00a0<\/div>\n<\/div>\n<div class=\"row spaced-cols middle-xs center-xs space-bottom padding-lr\" data-type=\"row\">\n<div class=\"col-xs-6 col-sm-2 col-md-2\"><img class=\"\" title=\"cropped-cropped-TerraGas_logo.png\" src=\"http:\/\/markone.fi\/wp-content\/uploads\/2021\/03\/cropped-cropped-TerraGas_logo.png\" alt=\"\" \/><\/div>\n<div class=\"col-xs-6 col-sm-2 col-md-2\">\n<p><img class=\"custom-image\" title=\"thumbnail_TGB\" src=\"http:\/\/markone.fi\/wp-content\/uploads\/2021\/04\/thumbnail_TGB.jpg\" alt=\"\" \/><img class=\"custom-image\" title=\"logo-e1586512281619\" src=\"http:\/\/markone.fi\/wp-content\/uploads\/2021\/04\/logo-e1586512281619.png\" alt=\"\" \/><\/p>\n<\/div>\n<div class=\"col-xs-6 col-sm-2 col-md-2\"><img class=\"\" title=\"avant\" src=\"http:\/\/markone.fi\/wp-content\/uploads\/2021\/03\/avant.png\" alt=\"\" \/><img class=\"custom-image\" title=\"pyrkija_logo-300x156\" src=\"http:\/\/markone.fi\/wp-content\/uploads\/2021\/04\/pyrkija_logo-300x156-1.png\" alt=\"\" \/><\/div>\n<div class=\"col-xs-6 col-sm-2 col-md-2\"><img class=\"\" title=\"woikoski_liikemerkki_vaaka\" src=\"http:\/\/markone.fi\/wp-content\/uploads\/2021\/03\/woikoski_liikemerkki_vaaka.png\" alt=\"\" \/><img class=\"custom-image\" title=\"rally_usa-300x156\" src=\"http:\/\/markone.fi\/wp-content\/uploads\/2021\/04\/rally_usa-300x156-1.png\" alt=\"\" \/><\/div>\n<div class=\"col-xs-6 col-sm-2 col-md-2\"><img class=\"\" title=\"trapper logo\" src=\"http:\/\/markone.fi\/wp-content\/uploads\/2021\/03\/trapper-logo.png\" alt=\"\" \/><img class=\"custom-image\" title=\"Modularbox Oy\" src=\"http:\/\/markone.fi\/wp-content\/uploads\/2021\/04\/Modularbox-Oy.png\" alt=\"\" \/><\/div>\n<div class=\"col-xs-6 col-sm-2 col-md-2\"><img class=\"custom-image\" title=\"cropped-cropped-ecoplus.png\" src=\"http:\/\/markone.fi\/wp-content\/uploads\/2022\/01\/cropped-cropped-ecoplus.png\" alt=\"\" \/><\/div>\n<\/div>\n<\/div>\n<\/div>\n<div id=\"content-2\" class=\"content-12 content-section content-section-spacing\" style=\"background-color: #ffffff;\" data-label=\"Content\" data-id=\"content--2\" data-export-id=\"content-12\" data-category=\"content\">\n<div class=\"gridContainer\">\n<div class=\"row text-center\">\n<div class=\"section-title-col\" data-type=\"column\">\n<h1 class=\"\"><span style=\"font-family: Playfair Display,sans-serif; font-weight: bold; font-style: italic;\">Bilder<\/span><\/h1>\n<\/div>\n<\/div>\n<\/div>\n<\/div>\n\n\n<div class=\"alignnormal\"><div id=\"metaslider-id-634\" style=\"max-width: 700px; margin: 0 auto;\" class=\"ml-slider-3-20-3 metaslider metaslider-nivo metaslider-634 ml-slider\">\n    <div id=\"metaslider_container_634\">\n        <div class='slider-wrapper theme-default'><div class='ribbon'><\/div><div id='metaslider_634' class='nivoSlider'><img src=\"https:\/\/markone.fi\/wp-content\/uploads\/2021\/03\/IMG_20191018_094803-1-scaled-700x400.jpg\" height=\"400\" width=\"700\" data-caption=\"Niitto\" title=\"IMG_20191018_094803-1\" alt=\"\" class=\"slider-634 slide-659\" \/><img src=\"https:\/\/markone.fi\/wp-content\/uploads\/2021\/03\/IMG_20190531_171452-4-scaled-700x400.jpg\" height=\"400\" width=\"700\" data-caption=\"Pihojen jyrsint&auml;\" title=\"IMG_20190531_171452-4\" alt=\"\" class=\"slider-634 slide-660\" \/><img src=\"https:\/\/markone.fi\/wp-content\/uploads\/2021\/03\/Screenshot_20210330-201612-700x400.png\" height=\"400\" width=\"700\" data-caption=\"Kantojyrsin\" title=\"Screenshot_20210330-201612\" alt=\"\" class=\"slider-634 slide-662\" \/><img src=\"https:\/\/markone.fi\/wp-content\/uploads\/2021\/03\/IMG_20201116_111937-scaled-700x400.jpg\" height=\"400\" width=\"700\" data-caption=\"Pensasaidan poisto giljotiinikouralla\" title=\"IMG_20201116_111937\" alt=\"\" class=\"slider-634 slide-663\" \/><img src=\"https:\/\/markone.fi\/wp-content\/uploads\/2021\/03\/IMG_20201116_152554-scaled-700x400.jpg\" height=\"400\" width=\"700\" data-caption=\"Pensasaidan poisto giljotiinikouralla\" title=\"IMG_20201116_152554\" alt=\"\" class=\"slider-634 slide-675\" \/><img src=\"https:\/\/markone.fi\/wp-content\/uploads\/2021\/03\/IMG_20200326_082430-scaled-700x400.jpg\" height=\"400\" width=\"700\" data-caption=\"Vaihtolavakuljetus\" title=\"IMG_20200326_082430\" alt=\"\" class=\"slider-634 slide-664\" \/><img src=\"https:\/\/markone.fi\/wp-content\/uploads\/2015\/12\/cropped-cropped-sisu_kuorma_auto_markone_oy-700x400.jpg\" height=\"400\" width=\"700\" title=\"cropped-cropped-sisu_kuorma_auto_markone_oy.jpg\" alt=\"\" class=\"slider-634 slide-665\" \/><img src=\"https:\/\/markone.fi\/wp-content\/uploads\/2015\/12\/cropped-asuntoauto_2_markone_oy-1-451x257.jpg\" height=\"400\" width=\"700\" data-caption=\"Matkailuautojen ruostesuojaukset, Kosteuskorjaukset\" title=\"cropped-asuntoauto_2_markone_oy-1.jpg\" alt=\"\" class=\"slider-634 slide-666\" \/><img src=\"https:\/\/markone.fi\/wp-content\/uploads\/2015\/12\/asuntoauto_markone_oy-500x285.jpg\" height=\"400\" width=\"700\" data-caption=\"Matkailuautojen ruostesuojaukset, Kosteuskorjaukset\" title=\"asuntoauto_markone_oy\" alt=\"\" class=\"slider-634 slide-782\" \/><img src=\"https:\/\/markone.fi\/wp-content\/uploads\/2021\/03\/IMG_20210313_142002-scaled-700x400.jpg\" height=\"400\" width=\"700\" data-caption=\"Muunnamme bensiini-autosi biokaasu\/maakaasu k&auml;ytt&ouml;iseksi!\" title=\"IMG_20210313_142002\" alt=\"\" class=\"slider-634 slide-668\" \/><img src=\"https:\/\/markone.fi\/wp-content\/uploads\/2021\/03\/IMG_20210313_141902-scaled-700x400.jpg\" height=\"400\" width=\"700\" data-caption=\"Kaasus&auml;il&ouml;n lis&auml;ksi j&auml;&auml; viel&auml; tilaa ostoksille ja isolle koiralle.\" title=\"IMG_20210313_141902\" alt=\"\" class=\"slider-634 slide-667\" \/><img src=\"https:\/\/markone.fi\/wp-content\/uploads\/2015\/12\/woikoski_markone_oy-e1449509843817-300x171.jpg\" height=\"400\" width=\"700\" data-caption=\"Woikoski kaasunmyynti\" title=\"woikoski_markone_oy\" alt=\"\" class=\"slider-634 slide-669\" \/><img src=\"https:\/\/markone.fi\/wp-content\/uploads\/2015\/12\/tuulilasi_markone_oy-295x169.jpg\" height=\"400\" width=\"700\" data-caption=\"Tuulilasien korjaukset\" title=\"tuulilasi_markone_oy\" alt=\"\" class=\"slider-634 slide-671\" \/><img src=\"https:\/\/markone.fi\/wp-content\/uploads\/2015\/12\/tuulilasi2_markone_oy-e1449509758873-656x375.jpg\" height=\"400\" width=\"700\" data-caption=\"Tuulilasien korjaukset\" title=\"tuulilasi2_markone_oy\" alt=\"\" class=\"slider-634 slide-670\" \/><img src=\"https:\/\/markone.fi\/wp-content\/uploads\/2015\/12\/trukki_markone_oy-300x171.png\" height=\"400\" width=\"700\" title=\"trukki_markone_oy\" alt=\"\" class=\"slider-634 slide-672\" \/><img src=\"https:\/\/markone.fi\/wp-content\/uploads\/2015\/12\/kaivinkone3_markone_oy.JPG-500x285.jpg\" height=\"400\" width=\"700\" data-caption=\"Kaivinkone ja Minikaivinkonety&ouml;t\" title=\"kaivinkone3_markone_oy.JPG\" alt=\"\" class=\"slider-634 slide-784\" \/><img src=\"https:\/\/markone.fi\/wp-content\/uploads\/2015\/12\/asuntoauto_3_markone_oy-500x285.jpg\" height=\"400\" width=\"700\" data-caption=\"Kaivinkone ja Minikaivinkonety&ouml;t\" title=\"asuntoauto_3_markone_oy\" alt=\"\" class=\"slider-634 slide-783\" \/><img src=\"https:\/\/markone.fi\/wp-content\/uploads\/2021\/04\/IMG_20181226_082905-scaled-700x400.jpg\" height=\"400\" width=\"700\" data-caption=\"Lumenauraukset\" title=\"IMG_20181226_082905\" alt=\"\" class=\"slider-634 slide-753\" \/><img src=\"https:\/\/markone.fi\/wp-content\/uploads\/2021\/04\/IMG_20190101_083859-scaled-700x400.jpg\" height=\"400\" width=\"700\" data-caption=\"Lumenauraukset\" title=\"IMG_20190101_083859\" alt=\"\" class=\"slider-634 slide-755\" \/><img src=\"https:\/\/markone.fi\/wp-content\/uploads\/2023\/03\/IMG-20230314-WA0007-700x400.jpg\" height=\"400\" width=\"700\" data-caption=\"Vanteiden oikaisukone\" title=\"IMG-20230314-WA0007\" alt=\"\" class=\"slider-634 slide-844\" \/><\/div><\/div>\n        \n    <\/div>\n<\/div><\/div>","protected":false},"excerpt":{"rendered":"<p>Huolto ja korjaus MarKone Oy on Veteliss\u00e4 Keski-Pohjanmaalla, toimiva matkailuautojen ja vaunujen kosteus ja kolarikorjauksiin erikoistunut yritys. Lis\u00e4ksi toimialaamme kuuluu henkil\u00f6-, paketti ja kuorma-autojen lasien vaihto, pienkoneiden ym. ty\u00f6koneiden korjaukset, autojen katsastusremontit sek\u00e4 erilaiset kaivuuty\u00f6t minikaivinkoneella ulkona ja sis\u00e4tiloissa. Palvelut \u00a0 \u00a0\u00a0 \u00a0 UUTTA: Muunnamme bensiini-autosi biokaasu\/maakaasu\/etanoli k\u00e4ytt\u00f6iseksi! &#8211; Meilt\u00e4 l\u00f6ytyy vanteiden oikaisukone Autojen katsastuskorjaukset&hellip; <br \/> <a class=\"read-more\" href=\"https:\/\/markone.fi\/sv\/\">L\u00e4s mer<\/a><\/p>","protected":false},"author":5,"featured_media":0,"parent":0,"menu_order":0,"comment_status":"closed","ping_status":"closed","template":"page-templates\/homepage.php","meta":[],"_links":{"self":[{"href":"https:\/\/markone.fi\/sv\/wp-json\/wp\/v2\/pages\/441"}],"collection":[{"href":"https:\/\/markone.fi\/sv\/wp-json\/wp\/v2\/pages"}],"about":[{"href":"https:\/\/markone.fi\/sv\/wp-json\/wp\/v2\/types\/page"}],"author":[{"embeddable":true,"href":"https:\/\/markone.fi\/sv\/wp-json\/wp\/v2\/users\/5"}],"replies":[{"embeddable":true,"href":"https:\/\/markone.fi\/sv\/wp-json\/wp\/v2\/comments?post=441"}],"version-history":[{"count":103,"href":"https:\/\/markone.fi\/sv\/wp-json\/wp\/v2\/pages\/441\/revisions"}],"predecessor-version":[{"id":846,"href":"https:\/\/markone.fi\/sv\/wp-json\/wp\/v2\/pages\/441\/revisions\/846"}],"wp:attachment":[{"href":"https:\/\/markone.fi\/sv\/wp-json\/wp\/v2\/media?parent=441"}],"curies":[{"name":"wp","href":"https:\/\/api.w.org\/{rel}","templated":true}]}}